{"id":14,"date":"2020-08-28T22:39:22","date_gmt":"2020-08-28T20:39:22","guid":{"rendered":"https:\/\/kunst-kuchta.de\/?page_id=14"},"modified":"2020-08-28T22:39:22","modified_gmt":"2020-08-28T20:39:22","slug":"datenschutzerklaerung","status":"publish","type":"page","link":"https:\/\/kunst-kuchta.de\/?page_id=14","title":{"rendered":"Datenschutzerkl\u00e4rung"},"content":{"rendered":"\n<p>Der Schutz und die Sicherheit ihrer pers\u00f6nlichen Daten sind mir wichtig.<\/p>\n\n\n\n<p>Grunds\u00e4tzlich ist die Nutzung meines&nbsp;&nbsp;Onlineangebotes ohne Angabe von &nbsp;personenbezogenen Daten m\u00f6glich. Personenbezogene Daten werden nur freiwillig verarbeitet und erhoben, wenn Sie Anfragen an mich stellen, diese Daten werden nur solange gespeichert, wie es f\u00fcr die Anfrage notwendig ist und nicht an Dritte weitergegeben.<\/p>\n\n\n\n<p>Sie haben jederzeit das Recht bei mir schriftlich nachzufragen, ob und welche personenbezogenen Daten bei mir gespeichert sind. Ebenso haben Sie das Recht, die unverz\u00fcgliche L\u00f6schen von ihren Daten zu verlangen, soweit nicht der L\u00f6schung der Daten gesetzlichen Aufbewahrungspflichten entgegenstehen<\/p>\n\n\n\n<p>Selbstverst\u00e4ndlich halten wir uns &nbsp;bei der Verarbeitung von personenbezogenen Daten an die Datenschutz-Grundverordnung der EU(DSGVO).<\/p>\n\n\n\n<p>Der Webserver dagegen verzeichnet automatisch bei jedem Besuch unserer Seite sogenannte Server-Log-files, die Ihr Browser \u00fcbermittelt und die keiner Person zugeordnet werden k\u00f6nnen.&nbsp;<br>Es sind dies: Browsertyp\/ Browserversion, verwendetes Betriebssystem, Referrer URL, IP-Adressen, Hostname des zugreifenden Senders, Datum und Uhrzeit der Serveranfrage. Diese Daten werden nicht an Dritte weitergegeben, eine Zusammenf\u00fchrung mit anderen Datenquellen erfolgt nicht. Ich&nbsp;&nbsp;verwende keine Cookies.<\/p>\n\n\n\n<p>Bei Fragen zu diesen Datenschutzbestimmungen wenden Sie sich bitte an den verantwortlichen f\u00fcr diese Webseite.<\/p>\n\n\n\n<p>Verantwortlicher Anbieter dieses Internetauftritts im datenschutzrechtlichen Sinne ist:<\/p>\n\n\n\n<p>Dr.Brigitte Kuchta<br>H\u00e4ndelstrasse 18<br>53340 Meckenheim<br>Deutschland<\/p>\n\n\n\n<p>E-Mail:&nbsp;kunst-kuchta(at)online.de<\/p>\n","protected":false},"excerpt":{"rendered":"<p>Der Schutz und die Sicherheit ihrer pers\u00f6nlichen Daten sind mir wichtig. Grunds\u00e4tzlich ist die Nutzung meines&nbsp;&nbsp;Onlineangebotes ohne Angabe von &nbsp;personenbezogenen Daten m\u00f6glich. Personenbezogene Daten werden nur freiwillig verarbeitet und erhoben, wenn Sie Anfragen an mich stellen, diese Daten werden nur solange gespeichert, wie es f\u00fcr die Anfrage notwendig ist und nicht an Dritte weitergegeben. Sie [&hellip;]<\/p>\n","protected":false},"author":1,"featured_media":0,"parent":0,"menu_order":0,"comment_status":"closed","ping_status":"closed","template":"templates\/template-cover.php","meta":{"footnotes":""},"class_list":["post-14","page","type-page","status-publish","hentry"],"_links":{"self":[{"href":"https:\/\/kunst-kuchta.de\/index.php?rest_route=\/wp\/v2\/pages\/14","targetHints":{"allow":["GET"]}}],"collection":[{"href":"https:\/\/kunst-kuchta.de\/index.php?rest_route=\/wp\/v2\/pages"}],"about":[{"href":"https:\/\/kunst-kuchta.de\/index.php?rest_route=\/wp\/v2\/types\/page"}],"author":[{"embeddable":true,"href":"https:\/\/kunst-kuchta.de\/index.php?rest_route=\/wp\/v2\/users\/1"}],"replies":[{"embeddable":true,"href":"https:\/\/kunst-kuchta.de\/index.php?rest_route=%2Fwp%2Fv2%2Fcomments&post=14"}],"version-history":[{"count":1,"href":"https:\/\/kunst-kuchta.de\/index.php?rest_route=\/wp\/v2\/pages\/14\/revisions"}],"predecessor-version":[{"id":15,"href":"https:\/\/kunst-kuchta.de\/index.php?rest_route=\/wp\/v2\/pages\/14\/revisions\/15"}],"wp:attachment":[{"href":"https:\/\/kunst-kuchta.de\/index.php?rest_route=%2Fwp%2Fv2%2Fmedia&parent=14"}],"curies":[{"name":"wp","href":"https:\/\/api.w.org\/{rel}","templated":true}]}}